{"id":40,"date":"2025-03-14T18:43:47","date_gmt":"2025-03-14T18:43:47","guid":{"rendered":"https:\/\/safelinkpanama.com\/index.php\/home\/"},"modified":"2025-03-14T23:25:07","modified_gmt":"2025-03-14T23:25:07","slug":"home","status":"publish","type":"page","link":"https:\/\/safelinkpanama.com\/","title":{"rendered":"Inicio"},"content":{"rendered":"\t\t<div data-elementor-type=\"wp-page\" data-elementor-id=\"40\" class=\"elementor elementor-40\">\n\t\t\t\t<div class=\"elementor-element elementor-element-7426c920 e-flex e-con-boxed e-con e-parent\" data-id=\"7426c920\" data-element_type=\"container\" data-settings=\"{&quot;background_background&quot;:&quot;video&quot;,&quot;background_video_link&quot;:&quot;https:\\\/\\\/safelinkpanama.com\\\/wp-content\\\/uploads\\\/2025\\\/03\\\/Sin-titulo-2.mp4&quot;,&quot;background_video_start&quot;:0}\">\n\t\t\t\t\t<div class=\"e-con-inner\">\n\t\t<div class=\"elementor-background-video-container elementor-hidden-mobile\">\n\t\t\t\t\t\t\t<video class=\"elementor-background-video-hosted\" autoplay muted playsinline loop><\/video>\n\t\t\t\t\t<\/div>\t\t<div class=\"elementor-element elementor-element-056d3c5 elementor-absolute elementor-widget elementor-widget-image\" data-id=\"056d3c5\" data-element_type=\"widget\" data-settings=\"{&quot;_position&quot;:&quot;absolute&quot;}\" data-widget_type=\"image.default\">\n\t\t\t\t<div class=\"elementor-widget-container\">\n\t\t\t\t\t\t\t\t\t\t\t\t\t\t\t<img fetchpriority=\"high\" decoding=\"async\" width=\"800\" height=\"364\" src=\"https:\/\/safelinkpanama.com\/wp-content\/uploads\/2025\/03\/SafeLink_Group_Logo_Blanco-1024x466.png\" class=\"attachment-large size-large wp-image-76\" alt=\"\" srcset=\"https:\/\/safelinkpanama.com\/wp-content\/uploads\/2025\/03\/SafeLink_Group_Logo_Blanco-1024x466.png 1024w, https:\/\/safelinkpanama.com\/wp-content\/uploads\/2025\/03\/SafeLink_Group_Logo_Blanco-300x137.png 300w, https:\/\/safelinkpanama.com\/wp-content\/uploads\/2025\/03\/SafeLink_Group_Logo_Blanco-768x350.png 768w, https:\/\/safelinkpanama.com\/wp-content\/uploads\/2025\/03\/SafeLink_Group_Logo_Blanco.png 1059w\" sizes=\"(max-width: 800px) 100vw, 800px\" \/>\t\t\t\t\t\t\t\t\t\t\t\t\t\t\t<\/div>\n\t\t\t\t<\/div>\n\t\t\t\t<div class=\"elementor-element elementor-element-4a0fd027 elementor-widget elementor-widget-heading\" data-id=\"4a0fd027\" data-element_type=\"widget\" data-widget_type=\"heading.default\">\n\t\t\t\t<div class=\"elementor-widget-container\">\n\t\t\t\t\t<h1 class=\"elementor-heading-title elementor-size-default\">Soluciones estrat\u00e9gicas para un mundo en constante cambio<\/h1>\t\t\t\t<\/div>\n\t\t\t\t<\/div>\n\t\t\t\t<div class=\"elementor-element elementor-element-505bff5e elementor-widget elementor-widget-heading\" data-id=\"505bff5e\" data-element_type=\"widget\" data-widget_type=\"heading.default\">\n\t\t\t\t<div class=\"elementor-widget-container\">\n\t\t\t\t\t<h5 class=\"elementor-heading-title elementor-size-default\">Explora nuestros productos y servicios<\/h5>\t\t\t\t<\/div>\n\t\t\t\t<\/div>\n\t\t\t\t<div class=\"elementor-element elementor-element-4b7c188d elementor-align-center elementor-widget elementor-widget-button\" data-id=\"4b7c188d\" data-element_type=\"widget\" data-widget_type=\"button.default\">\n\t\t\t\t<div class=\"elementor-widget-container\">\n\t\t\t\t\t\t\t\t\t<div class=\"elementor-button-wrapper\">\n\t\t\t\t\t<a class=\"elementor-button elementor-button-link elementor-size-sm\" href=\"https:\/\/www.safelinkmexico.com\/\">\n\t\t\t\t\t\t<span class=\"elementor-button-content-wrapper\">\n\t\t\t\t\t\t\t\t\t<span class=\"elementor-button-text\">M\u00e1s  informaci\u00f3n<\/span>\n\t\t\t\t\t<\/span>\n\t\t\t\t\t<\/a>\n\t\t\t\t<\/div>\n\t\t\t\t\t\t\t\t<\/div>\n\t\t\t\t<\/div>\n\t\t\t\t\t<\/div>\n\t\t\t\t<\/div>\n\t\t<div class=\"elementor-element elementor-element-3034535b e-con-full e-flex e-con e-parent\" data-id=\"3034535b\" data-element_type=\"container\">\n\t\t<div class=\"elementor-element elementor-element-6a263b30 e-con-full e-flex e-con e-child\" data-id=\"6a263b30\" data-element_type=\"container\">\n\t\t\t\t<div class=\"elementor-element elementor-element-39b4cc8f elementor-widget elementor-widget-heading\" data-id=\"39b4cc8f\" data-element_type=\"widget\" data-widget_type=\"heading.default\">\n\t\t\t\t<div class=\"elementor-widget-container\">\n\t\t\t\t\t<h2 class=\"elementor-heading-title elementor-size-default\">SafeLink Group<\/h2>\t\t\t\t<\/div>\n\t\t\t\t<\/div>\n\t\t\t\t<div class=\"elementor-element elementor-element-2ef045f7 elementor-widget elementor-widget-heading\" data-id=\"2ef045f7\" data-element_type=\"widget\" data-widget_type=\"heading.default\">\n\t\t\t\t<div class=\"elementor-widget-container\">\n\t\t\t\t\t<h5 class=\"elementor-heading-title elementor-size-default\">Asesores en Gesti\u00f3n de Riesgos<\/h5>\t\t\t\t<\/div>\n\t\t\t\t<\/div>\n\t\t\t\t<div class=\"elementor-element elementor-element-6cca1cbf elementor-widget elementor-widget-text-editor\" data-id=\"6cca1cbf\" data-element_type=\"widget\" data-widget_type=\"text-editor.default\">\n\t\t\t\t<div class=\"elementor-widget-container\">\n\t\t\t\t\t\t\t\t\t<p data-prosemirror-content-type=\"node\" data-prosemirror-node-name=\"paragraph\" data-prosemirror-node-block=\"true\" data-pm-slice=\"1 1 []\">LINK BG CORP, S.A. sede en la Rep\u00fablica de Panam\u00e1 y su filial LINK BG M\u00c9XICO, S.A.P.I. DE C.V. sede principal que se concentra en M\u00e9xico, forman parte del corporativo SAFELINK GROUP, un grupo comprometido con la excelencia en el servicio de Asesor\u00eda en Gesti\u00f3n de Riesgos.<\/p><p data-prosemirror-content-type=\"node\" data-prosemirror-node-name=\"paragraph\" data-prosemirror-node-block=\"true\" data-pm-slice=\"1 1 []\">Nuestro grupo Corporativo se encarga de ofrecer soluciones innovadoras y eficientes, garantizando la calidad y satisfacci\u00f3n de nuestros clientes en cada uno de nuestros productos y servicios.<\/p>\t\t\t\t\t\t\t\t<\/div>\n\t\t\t\t<\/div>\n\t\t\t\t<div class=\"elementor-element elementor-element-5b473ebf elementor-align-left elementor-widget elementor-widget-button\" data-id=\"5b473ebf\" data-element_type=\"widget\" data-widget_type=\"button.default\">\n\t\t\t\t<div class=\"elementor-widget-container\">\n\t\t\t\t\t\t\t\t\t<div class=\"elementor-button-wrapper\">\n\t\t\t\t\t<a class=\"elementor-button elementor-button-link elementor-size-sm\" href=\"https:\/\/www.safelinkmexico.com\/contacto\/\">\n\t\t\t\t\t\t<span class=\"elementor-button-content-wrapper\">\n\t\t\t\t\t\t\t\t\t<span class=\"elementor-button-text\">Conoce m\u00e1s<\/span>\n\t\t\t\t\t<\/span>\n\t\t\t\t\t<\/a>\n\t\t\t\t<\/div>\n\t\t\t\t\t\t\t\t<\/div>\n\t\t\t\t<\/div>\n\t\t\t\t<\/div>\n\t\t<div class=\"elementor-element elementor-element-5b47e6ab e-con-full e-flex e-con e-child\" data-id=\"5b47e6ab\" data-element_type=\"container\">\n\t\t\t\t<div class=\"elementor-element elementor-element-0c7e972 elementor-widget elementor-widget-image\" data-id=\"0c7e972\" data-element_type=\"widget\" data-widget_type=\"image.default\">\n\t\t\t\t<div class=\"elementor-widget-container\">\n\t\t\t\t\t\t\t\t\t\t\t\t\t\t\t<img decoding=\"async\" width=\"800\" height=\"593\" src=\"https:\/\/safelinkpanama.com\/wp-content\/uploads\/2025\/03\/Sin-titulo-9-1024x759.png\" class=\"attachment-large size-large wp-image-134\" alt=\"\" srcset=\"https:\/\/safelinkpanama.com\/wp-content\/uploads\/2025\/03\/Sin-titulo-9-1024x759.png 1024w, https:\/\/safelinkpanama.com\/wp-content\/uploads\/2025\/03\/Sin-titulo-9-300x222.png 300w, https:\/\/safelinkpanama.com\/wp-content\/uploads\/2025\/03\/Sin-titulo-9-768x569.png 768w, https:\/\/safelinkpanama.com\/wp-content\/uploads\/2025\/03\/Sin-titulo-9.png 1080w\" sizes=\"(max-width: 800px) 100vw, 800px\" \/>\t\t\t\t\t\t\t\t\t\t\t\t\t\t\t<\/div>\n\t\t\t\t<\/div>\n\t\t\t\t<\/div>\n\t\t\t\t<\/div>\n\t\t<div class=\"elementor-element elementor-element-466e6448 e-con-full e-flex e-con e-parent\" data-id=\"466e6448\" data-element_type=\"container\" data-settings=\"{&quot;background_background&quot;:&quot;classic&quot;}\">\n\t\t<div class=\"elementor-element elementor-element-64baf2cb e-con-full e-flex e-con e-child\" data-id=\"64baf2cb\" data-element_type=\"container\">\n\t\t\t\t<div class=\"elementor-element elementor-element-439cd7c4 elementor-widget elementor-widget-heading\" data-id=\"439cd7c4\" data-element_type=\"widget\" data-widget_type=\"heading.default\">\n\t\t\t\t<div class=\"elementor-widget-container\">\n\t\t\t\t\t<h2 class=\"elementor-heading-title elementor-size-default\">Cont\u00e1ctanos y Descubre C\u00f3mo Podemos Ayudarte<\/h2>\t\t\t\t<\/div>\n\t\t\t\t<\/div>\n\t\t\t\t<div class=\"elementor-element elementor-element-1bd879b0 elementor-align-left elementor-widget elementor-widget-button\" data-id=\"1bd879b0\" data-element_type=\"widget\" data-widget_type=\"button.default\">\n\t\t\t\t<div class=\"elementor-widget-container\">\n\t\t\t\t\t\t\t\t\t<div class=\"elementor-button-wrapper\">\n\t\t\t\t\t<a class=\"elementor-button elementor-button-link elementor-size-sm\" href=\"https:\/\/www.safelinkmexico.com\/\">\n\t\t\t\t\t\t<span class=\"elementor-button-content-wrapper\">\n\t\t\t\t\t\t\t\t\t<span class=\"elementor-button-text\">Contacto<\/span>\n\t\t\t\t\t<\/span>\n\t\t\t\t\t<\/a>\n\t\t\t\t<\/div>\n\t\t\t\t\t\t\t\t<\/div>\n\t\t\t\t<\/div>\n\t\t\t\t<\/div>\n\t\t<div class=\"elementor-element elementor-element-5a16065 e-con-full e-flex e-con e-child\" data-id=\"5a16065\" data-element_type=\"container\">\n\t\t\t\t<div class=\"elementor-element elementor-element-d7b66f8 elementor-widget elementor-widget-image\" data-id=\"d7b66f8\" data-element_type=\"widget\" data-widget_type=\"image.default\">\n\t\t\t\t<div class=\"elementor-widget-container\">\n\t\t\t\t\t\t\t\t\t\t\t\t\t\t\t<img decoding=\"async\" width=\"800\" height=\"364\" src=\"https:\/\/safelinkpanama.com\/wp-content\/uploads\/2025\/03\/SafeLink_Group_Logo_Color-2-1024x466.png\" class=\"attachment-large size-large wp-image-58\" alt=\"\" srcset=\"https:\/\/safelinkpanama.com\/wp-content\/uploads\/2025\/03\/SafeLink_Group_Logo_Color-2-1024x466.png 1024w, https:\/\/safelinkpanama.com\/wp-content\/uploads\/2025\/03\/SafeLink_Group_Logo_Color-2-300x137.png 300w, https:\/\/safelinkpanama.com\/wp-content\/uploads\/2025\/03\/SafeLink_Group_Logo_Color-2-768x350.png 768w, https:\/\/safelinkpanama.com\/wp-content\/uploads\/2025\/03\/SafeLink_Group_Logo_Color-2.png 1059w\" sizes=\"(max-width: 800px) 100vw, 800px\" \/>\t\t\t\t\t\t\t\t\t\t\t\t\t\t\t<\/div>\n\t\t\t\t<\/div>\n\t\t\t\t<\/div>\n\t\t\t\t<\/div>\n\t\t<div class=\"elementor-element elementor-element-fce0fc0 e-flex e-con-boxed e-con e-parent\" data-id=\"fce0fc0\" data-element_type=\"container\" data-settings=\"{&quot;background_background&quot;:&quot;classic&quot;}\">\n\t\t\t\t\t<div class=\"e-con-inner\">\n\t\t\t\t<div class=\"elementor-element elementor-element-609b365 elementor-widget elementor-widget-text-editor\" data-id=\"609b365\" data-element_type=\"widget\" data-widget_type=\"text-editor.default\">\n\t\t\t\t<div class=\"elementor-widget-container\">\n\t\t\t\t\t\t\t\t\t<p>SafeLink Panam\u00e1 \u00a9 2025 Todos los derechos reservados<\/p>\t\t\t\t\t\t\t\t<\/div>\n\t\t\t\t<\/div>\n\t\t\t\t\t<\/div>\n\t\t\t\t<\/div>\n\t\t\t\t<\/div>\n\t\t","protected":false},"excerpt":{"rendered":"<p>Soluciones estrat\u00e9gicas para un mundo en constante cambio Explora nuestros productos y servicios M\u00e1s informaci\u00f3n SafeLink Group Asesores en Gesti\u00f3n de Riesgos LINK BG CORP, S.A. sede en la Rep\u00fablica de Panam\u00e1 y su filial LINK BG M\u00c9XICO, S.A.P.I. DE C.V. sede principal que se concentra en M\u00e9xico, forman parte del corporativo SAFELINK GROUP, un [&hellip;]<\/p>\n","protected":false},"author":1,"featured_media":0,"parent":0,"menu_order":0,"comment_status":"closed","ping_status":"closed","template":"elementor_header_footer","meta":{"footnotes":""},"class_list":["post-40","page","type-page","status-publish","hentry"],"_links":{"self":[{"href":"https:\/\/safelinkpanama.com\/index.php\/wp-json\/wp\/v2\/pages\/40","targetHints":{"allow":["GET"]}}],"collection":[{"href":"https:\/\/safelinkpanama.com\/index.php\/wp-json\/wp\/v2\/pages"}],"about":[{"href":"https:\/\/safelinkpanama.com\/index.php\/wp-json\/wp\/v2\/types\/page"}],"author":[{"embeddable":true,"href":"https:\/\/safelinkpanama.com\/index.php\/wp-json\/wp\/v2\/users\/1"}],"replies":[{"embeddable":true,"href":"https:\/\/safelinkpanama.com\/index.php\/wp-json\/wp\/v2\/comments?post=40"}],"version-history":[{"count":89,"href":"https:\/\/safelinkpanama.com\/index.php\/wp-json\/wp\/v2\/pages\/40\/revisions"}],"predecessor-version":[{"id":162,"href":"https:\/\/safelinkpanama.com\/index.php\/wp-json\/wp\/v2\/pages\/40\/revisions\/162"}],"wp:attachment":[{"href":"https:\/\/safelinkpanama.com\/index.php\/wp-json\/wp\/v2\/media?parent=40"}],"curies":[{"name":"wp","href":"https:\/\/api.w.org\/{rel}","templated":true}]}}